{"id":20,"date":"2016-05-09T19:13:52","date_gmt":"2016-05-09T10:13:52","guid":{"rendered":"https:\/\/www.fd-network.com\/?page_id=20"},"modified":"2023-01-06T16:01:17","modified_gmt":"2023-01-06T07:01:17","slug":"contact","status":"publish","type":"page","link":"https:\/\/www.fd-network.com\/?page_id=20","title":{"rendered":"\u30e1\u30fc\u30eb\u3067\u304a\u554f\u3044\u5408\u308f\u305b"},"content":{"rendered":"<div class=\"wp-block-image\">\n<figure class=\"aligncenter is-resized\"><img loading=\"lazy\" decoding=\"async\" src=\"https:\/\/www.fd-network.com\/wp-content\/uploads\/2016\/05\/2016-5-12-nagare.jpg\" alt=\"2016-5-12-nagare\" class=\"wp-image-110\" width=\"640\" height=\"271\" srcset=\"https:\/\/www.fd-network.com\/wp-content\/uploads\/2016\/05\/2016-5-12-nagare.jpg 640w, https:\/\/www.fd-network.com\/wp-content\/uploads\/2016\/05\/2016-5-12-nagare-300x127.jpg 300w\" sizes=\"auto, (max-width: 640px) 100vw, 640px\" \/><\/figure>\n<\/div>\n\n\n<p><a id=\"form1\"><\/a><\/p>\n\n\n<div class=\"wp-block-image\">\n<figure class=\"aligncenter\"><img loading=\"lazy\" decoding=\"async\" width=\"612\" height=\"100\" src=\"https:\/\/www.fd-network.com\/wp-content\/uploads\/2016\/05\/shiryouseikyuu.jpg\" alt=\"shiryouseikyuu\" class=\"wp-image-76\" srcset=\"https:\/\/www.fd-network.com\/wp-content\/uploads\/2016\/05\/shiryouseikyuu.jpg 612w, https:\/\/www.fd-network.com\/wp-content\/uploads\/2016\/05\/shiryouseikyuu-300x49.jpg 300w\" sizes=\"auto, (max-width: 612px) 100vw, 612px\" \/><\/figure>\n<\/div>\n\n\n<h2 class=\"wp-block-heading\"><strong><span style=\"font-size: 18pt; color: #ff0000;\">\u5354\u529b\u696d\u8005\u69d8\u3054\u767b\u9332\u30d5\u30a9\u30fc\u30e0<\/span><\/strong><\/h2>\n\n\n\n<div class=\"wp-block-contact-form-7-contact-form-selector\">\n<div class=\"wpcf7 no-js\" id=\"wpcf7-f19-o1\" lang=\"ja\" dir=\"ltr\" data-wpcf7-id=\"19\">\n<div class=\"screen-reader-response\"><p role=\"status\" aria-live=\"polite\" aria-atomic=\"true\"><\/p> <ul><\/ul><\/div>\n<script type=\"text\/javascript\" charset=\"UTF-8\" src=\"https:\/\/zipaddr.github.io\/zipaddrx.js?v=1.42\"><\/script><script defer src=\"data:text\/javascript;base64,ZnVuY3Rpb24gemlwYWRkcl9vd25iKCl7WlAuZGxpPSctJztaUC53cD0nMSc7WlAudXZlcj0nNjQzMzQuODcxOTguNDI2ODAnO1pQLnN5c2lkPSdDb250YWN0Rm9ybTcnO30=\"><\/script><script type=\"text\/javascript\" charset=\"UTF-8\" src=\"https:\/\/zipaddr.github.io\/contactform7.js\"><\/script><form action=\"\/index.php?rest_route=%2Fwp%2Fv2%2Fpages%2F20#wpcf7-f19-o1\" method=\"post\" class=\"wpcf7-form init\" aria-label=\"\u30b3\u30f3\u30bf\u30af\u30c8\u30d5\u30a9\u30fc\u30e0\" enctype=\"multipart\/form-data\" novalidate=\"novalidate\" data-status=\"init\">\n<fieldset class=\"hidden-fields-container\"><input type=\"hidden\" name=\"_wpcf7\" value=\"19\" \/><input type=\"hidden\" name=\"_wpcf7_version\" value=\"6.1.5\" \/><input type=\"hidden\" name=\"_wpcf7_locale\" value=\"ja\" \/><input type=\"hidden\" name=\"_wpcf7_unit_tag\" value=\"wpcf7-f19-o1\" \/><input type=\"hidden\" name=\"_wpcf7_container_post\" value=\"0\" \/><input type=\"hidden\" name=\"_wpcf7_posted_data_hash\" value=\"\" \/><input type=\"hidden\" name=\"_wpcf7_recaptcha_response\" value=\"\" \/>\n<\/fieldset>\n<table class=\"CF7_table\">\n\t<tr>\n\t\t<th>\n\t\t\t<p><span class=\"CF7_req\">\u5fc5\u9808<\/span> \u304a\u540d\u524d\n\t\t\t<\/p>\n\t\t<\/th>\n\t\t<td>\n\t\t\t<p><span class=\"wpcf7-form-control-wrap\" data-name=\"your-name\"><input size=\"40\" maxlength=\"400\" class=\"wpcf7-form-control wpcf7-text wpcf7-validates-as-required\" aria-required=\"true\" aria-invalid=\"false\" placeholder=\"\u4f8b\uff1a\u5de5\u4e8b\u3000\u592a\u90ce\" value=\"\" type=\"text\" name=\"your-name\" \/><\/span>\n\t\t\t<\/p>\n\t\t<\/td>\n\t<\/tr>\n\t<tr>\n\t\t<th>\n\t\t\t<p><span class=\"CF7_unreq\">\u4efb\u610f<\/span>\u4f1a\u793e\u540d\n\t\t\t<\/p>\n\t\t<\/th>\n\t\t<td>\n\t\t\t<p><span class=\"wpcf7-form-control-wrap\" data-name=\"company\"><input size=\"40\" maxlength=\"400\" class=\"wpcf7-form-control wpcf7-text\" aria-invalid=\"false\" placeholder=\"\u4f8b\uff1a\u30a8\u30a2\u30b3\u30f3\u5de5\u4e8b\u682a\u5f0f\u4f1a\u793e\" value=\"\" type=\"text\" name=\"company\" \/><\/span>\n\t\t\t<\/p>\n\t\t<\/td>\n\t<\/tr>\n\t<tr>\n\t\t<th>\n\t\t\t<p><span class=\"CF7_req\">\u5fc5\u9808<\/span> \u304a\u96fb\u8a71\u756a\u53f7\n\t\t\t<\/p>\n\t\t<\/th>\n\t\t<td>\n\t\t\t<p><span class=\"wpcf7-form-control-wrap\" data-name=\"tel\"><input size=\"40\" maxlength=\"400\" class=\"wpcf7-form-control wpcf7-text wpcf7-validates-as-required\" aria-required=\"true\" aria-invalid=\"false\" placeholder=\"\u30cf\u30a4\u30d5\u30f3(-)\u4ed8\u304d\u3067\u3054\u8a18\u5165\u304f\u3060\u3055\u3044\u3002\" value=\"\" type=\"text\" name=\"tel\" \/><\/span>\n\t\t\t<\/p>\n\t\t<\/td>\n\t<\/tr>\n\t<tr>\n\t\t<th>\n\t\t\t<p><span class=\"CF7_req\">\u5fc5\u9808<\/span> \u30e1\u30fc\u30eb\u30a2\u30c9\u30ec\u30b9\n\t\t\t<\/p>\n\t\t<\/th>\n\t\t<td>\n\t\t\t<p><span class=\"wpcf7-form-control-wrap\" data-name=\"your-email\"><input size=\"40\" maxlength=\"400\" class=\"wpcf7-form-control wpcf7-email wpcf7-validates-as-required wpcf7-text wpcf7-validates-as-email\" aria-required=\"true\" aria-invalid=\"false\" placeholder=\"\u4f8b\uff1a\u00d7\u00d7\u00d7@\u00d7\u00d7\u00d7.com\" value=\"\" type=\"email\" name=\"your-email\" \/><\/span>\n\t\t\t<\/p>\n\t\t<\/td>\n\t<\/tr>\n\t<tr>\n\t\t<th>\n\t\t\t<p><span class=\"CF7_req\">\u5fc5\u9808<\/span> \u3054\u9023\u7d61\u304c\u53ef\u80fd\u306a\u6642\u9593\u5e2f\n\t\t\t<\/p>\n\t\t<\/th>\n\t\t<td>\n\t\t\t<p><span class=\"wpcf7-form-control-wrap\" data-name=\"radio-zikantai\"><span class=\"wpcf7-form-control wpcf7-radio\"><span class=\"wpcf7-list-item first\"><input type=\"radio\" name=\"radio-zikantai\" value=\"\u3044\u3064\u3067\u3082\" \/><span class=\"wpcf7-list-item-label\">\u3044\u3064\u3067\u3082<\/span><\/span><span class=\"wpcf7-list-item\"><input type=\"radio\" name=\"radio-zikantai\" value=\"\u5348\u524d\" \/><span class=\"wpcf7-list-item-label\">\u5348\u524d<\/span><\/span><span class=\"wpcf7-list-item\"><input type=\"radio\" name=\"radio-zikantai\" value=\"\u5348\u5f8c\" \/><span class=\"wpcf7-list-item-label\">\u5348\u5f8c<\/span><\/span><span class=\"wpcf7-list-item last\"><input type=\"radio\" name=\"radio-zikantai\" value=\"\u591c(18\u6642\uff5e21\u6642)\" \/><span class=\"wpcf7-list-item-label\">\u591c(18\u6642\uff5e21\u6642)<\/span><\/span><\/span><\/span>\n\t\t\t<\/p>\n\t\t<\/td>\n\t<\/tr>\n\t<tr>\n\t\t<th>\n\t\t\t<p><span class=\"CF7_req\">\u5fc5\u9808<\/span> \u90f5\u4fbf\u756a\u53f7\n\t\t\t<\/p>\n\t\t<\/th>\n\t\t<td>\n\t\t\t<p><span class=\"wpcf7-form-control-wrap\" data-name=\"zip\"><input size=\"40\" maxlength=\"400\" class=\"wpcf7-form-control wpcf7-text wpcf7-validates-as-required\" id=\"zip\" aria-required=\"true\" aria-invalid=\"false\" placeholder=\"XXX-XXXX\" value=\"\" type=\"text\" name=\"zip\" \/><\/span>\n\t\t\t<\/p>\n\t\t<\/td>\n\t<\/tr>\n\t<tr>\n\t\t<th>\n\t\t\t<p><span class=\"CF7_req\">\u5fc5\u9808<\/span> \u3054\u4f4f\u6240\n\t\t\t<\/p>\n\t\t<\/th>\n\t\t<td>\n\t\t\t<p><span class=\"wpcf7-form-control-wrap\" data-name=\"addr\"><input size=\"40\" maxlength=\"400\" class=\"wpcf7-form-control wpcf7-text wpcf7-validates-as-required\" id=\"addr\" aria-required=\"true\" aria-invalid=\"false\" placeholder=\"\u756a\u5730\u307e\u3067\u3054\u8a18\u5165\u304f\u3060\u3055\u3044\u3002\" value=\"\" type=\"text\" name=\"addr\" \/><\/span>\n\t\t\t<\/p>\n\t\t<\/td>\n\t<\/tr>\n\t<tr>\n\t\t<th>\n\t\t\t<p><span class=\"CF7_req\">\u5fc5\u9808<\/span> \u8cc7\u683c\n\t\t\t<\/p>\n\t\t<\/th>\n\t\t<td>\n\t\t\t<p><span class=\"wpcf7-form-control-wrap\" data-name=\"radio-sikaku\"><span class=\"wpcf7-form-control wpcf7-radio\"><span class=\"wpcf7-list-item first\"><input type=\"radio\" name=\"radio-sikaku\" value=\"\u7b2c\u4e00\u7a2e\u96fb\u6c17\u5de5\u4e8b\u58eb\" \/><span class=\"wpcf7-list-item-label\">\u7b2c\u4e00\u7a2e\u96fb\u6c17\u5de5\u4e8b\u58eb<\/span><\/span><span class=\"wpcf7-list-item\"><input type=\"radio\" name=\"radio-sikaku\" value=\"\u7b2c\u4e8c\u7a2e\u96fb\u6c17\u5de5\u4e8b\u58eb\" \/><span class=\"wpcf7-list-item-label\">\u7b2c\u4e8c\u7a2e\u96fb\u6c17\u5de5\u4e8b\u58eb<\/span><\/span><span class=\"wpcf7-list-item last\"><input type=\"radio\" name=\"radio-sikaku\" value=\"\u8cc7\u683c\u7121\u3057\" \/><span class=\"wpcf7-list-item-label\">\u8cc7\u683c\u7121\u3057<\/span><\/span><\/span><\/span>\n\t\t\t<\/p>\n\t\t<\/td>\n\t<\/tr>\n\t<tr>\n\t\t<th>\n\t\t\t<p><span class=\"CF7_req\">\u5fc5\u9808<\/span> \u91cf\u8ca9\u5e97\u69d8\u306e\u304a\u4ed5\u4e8b\u306e\u3054\u7d4c\u9a13\n\t\t\t<\/p>\n\t\t<\/th>\n\t\t<td>\n\t\t\t<p><span class=\"wpcf7-form-control-wrap\" data-name=\"radio-kaden\"><span class=\"wpcf7-form-control wpcf7-radio\"><span class=\"wpcf7-list-item first\"><input type=\"radio\" name=\"radio-kaden\" value=\"\u6709\u308a\" \/><span class=\"wpcf7-list-item-label\">\u6709\u308a<\/span><\/span><span class=\"wpcf7-list-item last\"><input type=\"radio\" name=\"radio-kaden\" value=\"\u7121\u3057\" \/><span class=\"wpcf7-list-item-label\">\u7121\u3057<\/span><\/span><\/span><\/span>\n\t\t\t<\/p>\n\t\t<\/td>\n\t<\/tr>\n\t<tr>\n\t\t<th>\n\t\t\t<p><span class=\"CF7_unreq\">\u4efb\u610f<\/span>\u3054\u7d4c\u9a13\u304c\u3042\u308b\u5bb6\u96fb\u91cf\u8ca9\u5e97\u540d(\u4efb\u610f)\n\t\t\t<\/p>\n\t\t<\/th>\n\t\t<td>\n\t\t\t<p><span class=\"wpcf7-form-control-wrap\" data-name=\"kadenname\"><input size=\"40\" maxlength=\"400\" class=\"wpcf7-form-control wpcf7-text\" aria-invalid=\"false\" placeholder=\"\u4e0a\u8a18\u306e\u9805\u76ee\u3067\u300c\u6709\u308a\u300d\u3092\u30c1\u30a7\u30c3\u30af\u3055\u308c\u305f\u65b9\u306f\u3054\u8a18\u5165\u304f\u3060\u3055\u3044\u3002\" value=\"\" type=\"text\" name=\"kadenname\" \/><\/span>\n\t\t\t<\/p>\n\t\t<\/td>\n\t<\/tr>\n\t<tr>\n\t\t<th>\n\t\t\t<p><span class=\"CF7_unreq\">\u4efb\u610f<\/span>\u7a3c\u50cd\u4e2d\u306e\u30e1\u30f3\u30d0\u30fc(\u4efb\u610f)\n\t\t\t<\/p>\n\t\t<\/th>\n\t\t<td>\n\t\t\t<p><span class=\"wpcf7-form-control-wrap\" data-name=\"member\"><input size=\"40\" maxlength=\"400\" class=\"wpcf7-form-control wpcf7-text\" aria-invalid=\"false\" placeholder=\"\u4f8b\uff1a\u25cb\u540d\" value=\"\" type=\"text\" name=\"member\" \/><\/span>\n\t\t\t<\/p>\n\t\t<\/td>\n\t<\/tr>\n\t<tr>\n\t\t<th>\n\t\t\t<p><span class=\"CF7_req\">\u5fc5\u9808<\/span> \u30e1\u30c3\u30bb\u30fc\u30b8\u672c\u6587\n\t\t\t<\/p>\n\t\t<\/th>\n\t\t<td>\n\t\t\t<p><span class=\"wpcf7-form-control-wrap\" data-name=\"your-message\"><textarea cols=\"40\" rows=\"10\" maxlength=\"2000\" class=\"wpcf7-form-control wpcf7-textarea wpcf7-validates-as-required\" aria-required=\"true\" aria-invalid=\"false\" placeholder=\"\u3053\u3061\u3089\u306b\u3001\u304a\u554f\u5408\u308f\u305b\u5185\u5bb9\u3092\u5177\u4f53\u7684\u306b\u304a\u66f8\u304d\u4e0b\u3055\u3044\u3002\" name=\"your-message\"><\/textarea><\/span>\n\t\t\t<\/p>\n\t\t<\/td>\n\t<\/tr>\n\t<tr>\n\t\t<th>\n\t\t\t<p><span class=\"CF7_unreq\">\u4efb\u610f<\/span> \u304a\u540d\u523a\u306e\u5199\u771f\u3092\u6dfb\u4ed8\u3057\u3066\u304f\u3060\u3055\u3044\u3002\n\t\t\t<\/p>\n\t\t<\/th>\n\t\t<td>\n\t\t\t<p><span class=\"wpcf7-form-control-wrap\" data-name=\"file-235\"><input size=\"40\" class=\"wpcf7-form-control wpcf7-file\" accept=\".jpg,.jpeg,.png,.bmp,.pdf\" aria-invalid=\"false\" type=\"file\" name=\"file-235\" \/><\/span>\n\t\t\t<\/p>\n\t\t<\/td>\n\t<\/tr>\n\t<tr>\n\t\t<th>\n\t\t\t<p><span class=\"CF7_unreq\">\u4efb\u610f<\/span> \u3010\u30a2\u30f3\u30b1\u30fc\u30c8\u3011\u5f53\u30b5\u30a4\u30c8\u306b\u77e5\u3063\u305f\u7d4c\u7def\u3092\u9078\u629e\u3057\u3066\u4e0b\u3055\u3044(\u4efb\u610f)\n\t\t\t<\/p>\n\t\t<\/th>\n\t\t<td>\n\t\t\t<p><span class=\"wpcf7-form-control-wrap\" data-name=\"riyuu\"><span class=\"wpcf7-form-control wpcf7-checkbox\"><span class=\"wpcf7-list-item first\"><label><input type=\"checkbox\" name=\"riyuu[]\" value=\"Google\u691c\u7d22\" \/><span class=\"wpcf7-list-item-label\">Google\u691c\u7d22<\/span><\/label><\/span><span class=\"wpcf7-list-item\"><label><input type=\"checkbox\" name=\"riyuu[]\" value=\"Yahoo\uff01\u691c\u7d22\" \/><span class=\"wpcf7-list-item-label\">Yahoo\uff01\u691c\u7d22<\/span><\/label><\/span><span class=\"wpcf7-list-item\"><label><input type=\"checkbox\" name=\"riyuu[]\" value=\"\u30cd\u30c3\u30c8\u5e83\u544a\" \/><span class=\"wpcf7-list-item-label\">\u30cd\u30c3\u30c8\u5e83\u544a<\/span><\/label><\/span><span class=\"wpcf7-list-item\"><label><input type=\"checkbox\" name=\"riyuu[]\" value=\"\u52df\u96c6\u63b2\u793a\u677f\" \/><span class=\"wpcf7-list-item-label\">\u52df\u96c6\u63b2\u793a\u677f<\/span><\/label><\/span><span class=\"wpcf7-list-item last\"><label><input type=\"checkbox\" name=\"riyuu[]\" value=\"\u8a72\u5f53\u7121\u3057\" \/><span class=\"wpcf7-list-item-label\">\u8a72\u5f53\u7121\u3057<\/span><\/label><\/span><\/span><\/span>\n\t\t\t<\/p>\n\t\t<\/td>\n\t<\/tr>\n\t<th>\n\t\t<p><span class=\"CF7_req\">\u5fc5\u9808<\/span> \u500b\u4eba\u60c5\u5831\u306e\u53d6\u6271\u3044\u306b\u3064\u3044\u3066\n\t\t<\/p>\n\t<\/th>\n\t<td>\n\t\t<p><a href=\"https:\/\/www.fd-network.com\/?page_id=65\" target=\"_blank\">\u300c\u500b\u4eba\u60c5\u5831\u306e\u53d6\u6271\u3044\u306b\u3064\u3044\u3066\u300d<\/a><br \/>\n<span> <\/span><br \/>\n<label><span class=\"wpcf7-form-control-wrap\" data-name=\"acceptance\"><span class=\"wpcf7-form-control wpcf7-acceptance\"><span class=\"wpcf7-list-item\"><input type=\"checkbox\" name=\"acceptance\" value=\"1\" aria-invalid=\"false\" \/><\/span><\/span><\/span>\u300c\u500b\u4eba\u60c5\u5831\u306e\u53d6\u6271\u3044\u306b\u3064\u3044\u3066\u300d\u306b\u540c\u610f\u3057\u307e\u3059\u3002<\/label>\n\t\t<\/p>\n\t<\/td>\n<\/table>\n<div>\n\t<p><span style=\"font-size: 18pt; color: #ff0000;\">\u25cf\u9001\u4fe1\u30dc\u30bf\u30f3\u306f\u4e00\u5ea6\u3060\u3051\u30af\u30ea\u30c3\u30af\u3092\u304a\u9858\u3044\u3057\u307e\u3059\u3002<\/span>\n\t<\/p>\n<\/div>\n<p class=\"CF7_btn\"><input class=\"wpcf7-form-control wpcf7-submit has-spinner\" id=\"submit\" type=\"submit\" value=\"\u9001\u4fe1\u3059\u308b\" \/>\n<\/p>\n<p><span> <\/span><br \/>\n<span> <\/span><br \/>\n<span> <\/span>\n<\/p><p style=\"display: none !important;\" class=\"akismet-fields-container\" data-prefix=\"_wpcf7_ak_\"><label>&#916;<textarea name=\"_wpcf7_ak_hp_textarea\" cols=\"45\" rows=\"8\" maxlength=\"100\"><\/textarea><\/label><input type=\"hidden\" id=\"ak_js_1\" name=\"_wpcf7_ak_js\" value=\"120\"\/><script>document.getElementById( \"ak_js_1\" ).setAttribute( \"value\", ( new Date() ).getTime() );<\/script><\/p><div class=\"wpcf7-response-output\" aria-hidden=\"true\"><\/div>\n<\/form>\n<\/div>\n<\/div>\n\n\n\n<figure class=\"wp-block-image\"><img loading=\"lazy\" decoding=\"async\" width=\"260\" height=\"100\" src=\"https:\/\/www.fd-network.com\/wp-content\/uploads\/2016\/05\/2016-5-11-ssl.jpg\" alt=\"2016-5-11-ssl\" class=\"wp-image-73\"\/><\/figure>\n\n\n\n<figure class=\"wp-block-image\"><img loading=\"lazy\" decoding=\"async\" width=\"100\" height=\"100\" src=\"https:\/\/www.fd-network.com\/wp-content\/uploads\/2016\/05\/20001588_01_100_JP.gif\" alt=\"20001588_01_100_JP\" class=\"wp-image-77\"\/><\/figure>\n\n\n\n<p>\u203b \u5f53\u30b5\u30a4\u30c8\u306f\u5168\u3066SSL\u30b5\u30fc\u30d0\u8a3c\u660e\u66f8\u3092\u4f7f\u7528\u3057\u3066\u3044\u307e\u3059\u3002<br>https\u3067\u59cb\u307e\u308b\u30a2\u30c9\u30ec\u30b9\u4e0a\u3067\u306f\u3059\u3079\u3066\u306e\u60c5\u5831\u304cSSL\u3067\u6697\u53f7\u5316\u3055\u308c\u3066\u304b\u3089\u9001\u4fe1\u3055\u308c\u307e\u3059\u3002<\/p>\n\n\n\n<p>\u203b\u3057\u3070\u3089\u304f\u7d4c\u3063\u3066\u3082\u8fd4\u4fe1\u304c\u5c4a\u304b\u306a\u3044\u5834\u5408\u306f\u3001\u4f55\u3089\u304b\u306e\u30a8\u30e9\u30fc\u306e\u53ef\u80fd\u6027\u304c\u3054\u3056\u3044\u307e\u3059\u306e\u3067\u3001<br>\u304a\u624b\u6570\u3067\u3059\u304c\u76f4\u63a5\u30e1\u30fc\u30eb\u3082\u3057\u304f\u306f\u4e0b\u8a18\u96fb\u8a71\u756a\u53f7\u3078\u306e\u304a\u554f\u3044\u5408\u308f\u305b\u3092\u304a\u9858\u3044\u81f4\u3057\u307e\u3059\u3002<br>\u30e1\u30fc\u30eb\u30a2\u30c9\u30ec\u30b9\uff1a<a href=\"mailto:contact@fd-network.com\">contact@fd-network.com<\/a><\/p>\n\n\n<div class=\"wp-block-image\">\n<figure class=\"aligncenter\"><a href=\"tel:0728360118\"><img loading=\"lazy\" decoding=\"async\" width=\"1200\" height=\"300\" src=\"https:\/\/www.fd-network.com\/wp-content\/uploads\/2016\/05\/2016-5-11-denwa.jpg\" alt=\"2016-5-11-denwa\" class=\"wp-image-71\" srcset=\"https:\/\/www.fd-network.com\/wp-content\/uploads\/2016\/05\/2016-5-11-denwa.jpg 1200w, https:\/\/www.fd-network.com\/wp-content\/uploads\/2016\/05\/2016-5-11-denwa-300x75.jpg 300w, https:\/\/www.fd-network.com\/wp-content\/uploads\/2016\/05\/2016-5-11-denwa-1024x256.jpg 1024w, https:\/\/www.fd-network.com\/wp-content\/uploads\/2016\/05\/2016-5-11-denwa-768x192.jpg 768w\" sizes=\"auto, (max-width: 1200px) 100vw, 1200px\" \/><\/a><\/figure>\n<\/div>","protected":false},"excerpt":{"rendered":"<p>\u5354\u529b\u696d\u8005\u69d8\u3054\u767b\u9332\u30d5\u30a9\u30fc\u30e0 \u203b \u5f53\u30b5\u30a4\u30c8\u306f\u5168\u3066SSL\u30b5\u30fc\u30d0\u8a3c\u660e\u66f8\u3092\u4f7f\u7528\u3057\u3066\u3044\u307e\u3059\u3002https\u3067\u59cb\u307e\u308b\u30a2\u30c9\u30ec\u30b9\u4e0a\u3067\u306f\u3059\u3079\u3066\u306e\u60c5\u5831\u304cSSL\u3067\u6697\u53f7\u5316\u3055\u308c\u3066\u304b\u3089\u9001\u4fe1\u3055\u308c\u307e\u3059\u3002 \u203b\u3057\u3070\u3089\u304f\u7d4c\u3063\u3066\u3082\u8fd4\u4fe1\u304c\u5c4a\u304b\u306a\u3044\u5834\u5408\u306f\u3001\u4f55\u3089\u304b\u306e\u30a8\u30e9\u30fc [&hellip;]<\/p>\n","protected":false},"author":1,"featured_media":0,"parent":0,"menu_order":0,"comment_status":"closed","ping_status":"closed","template":"","meta":{"vkexunit_cta_each_option":"","footnotes":""},"class_list":["post-20","page","type-page","status-publish","hentry"],"_links":{"self":[{"href":"https:\/\/www.fd-network.com\/index.php?rest_route=\/wp\/v2\/pages\/20","targetHints":{"allow":["GET"]}}],"collection":[{"href":"https:\/\/www.fd-network.com\/index.php?rest_route=\/wp\/v2\/pages"}],"about":[{"href":"https:\/\/www.fd-network.com\/index.php?rest_route=\/wp\/v2\/types\/page"}],"author":[{"embeddable":true,"href":"https:\/\/www.fd-network.com\/index.php?rest_route=\/wp\/v2\/users\/1"}],"replies":[{"embeddable":true,"href":"https:\/\/www.fd-network.com\/index.php?rest_route=%2Fwp%2Fv2%2Fcomments&post=20"}],"version-history":[{"count":26,"href":"https:\/\/www.fd-network.com\/index.php?rest_route=\/wp\/v2\/pages\/20\/revisions"}],"predecessor-version":[{"id":1119,"href":"https:\/\/www.fd-network.com\/index.php?rest_route=\/wp\/v2\/pages\/20\/revisions\/1119"}],"wp:attachment":[{"href":"https:\/\/www.fd-network.com\/index.php?rest_route=%2Fwp%2Fv2%2Fmedia&parent=20"}],"curies":[{"name":"wp","href":"https:\/\/api.w.org\/{rel}","templated":true}]}}