{"id":90,"date":"2016-05-12T14:08:53","date_gmt":"2016-05-12T05:08:53","guid":{"rendered":"https:\/\/www.fd-network.com\/?page_id=90"},"modified":"2023-08-23T13:49:51","modified_gmt":"2023-08-23T04:49:51","slug":"%e5%a4%a7%e6%89%8b%e9%87%8f%e8%b2%a9%e5%ba%97%e3%81%ae%e5%ae%b6%e9%9b%bb%e9%85%8d%e9%80%81%e3%82%92%e6%80%a5%e5%8b%9f%ef%bc%81","status":"publish","type":"page","link":"https:\/\/www.fd-network.com\/?page_id=90","title":{"rendered":"<strong><span style=\"font-size: 20pt; color: #ff0000;\">\u5bb6\u96fb\u914d\u9001\u8a2d\u7f6e\u304c\u4eba\u6c17\uff01<\/span><\/strong>"},"content":{"rendered":"\n<h6 class=\"wp-block-heading has-text-align-center vk_block-margin-0--margin-top vk_block-margin-0--margin-bottom\">\uff12\uff10\uff11\uff18\u5e74\uff11\uff11\u6708\u304b\u3089\u914d\u9001\u5358\u4fa1\u304c\u4e0a\u304c\u308a\u307e\u3057\u305f\uff01<br><br> \u4f8b\u3048\u3070 \uff12\uff54\u30c8\u30e9\u30c3\u30af \uff08\u55b6\u696d\u30ca\u30f3\u30d0\u30fc\u3067\u7121\u304f\u3068\u3082\uff09<br><br>\uff12\u540d\u3067\uff11\u30f5\u6708\u306e\u58f2\u4e0a \u4ee5\u524d\u306f\u5e73\u5747 840,000\u5186 <br><br>\u73fe\u5728\u306f\u5e73\u5747 1,008,000\u5186 <br><br>\u540c\u3058\u4ed5\u4e8b\u3092\u3057\u3066\u5dee\u984d168,000\u5186\u304c\u5897\u3048\u3066\u307e\u3059\u3002<br><br> \u5341\u5206\u5229\u76ca\u304c\u51fa\u308b\u4e8b\u3067\u914d\u9001\u8a2d\u7f6e\u306e\u7533\u3057\u8fbc\u307f\u304c\u5897\u3048\u3066\u307e\u3059\u3002 <br><br>\u5229\u76ca\u3068\u5b89\u5b9a\u3092\u8ffd\u6c42\u3059\u308b\u306a\u3089\u3070\u3001<br><br> \u305c\u3072\u914d\u9001\u8a2d\u7f6e\u306e\u304a\u554f\u5408\u305b\u3092\u4e0b\u3055\u3044\u3002<\/h6>\n\n\n\n<h2 class=\"wp-block-heading has-text-align-center\"><span style=\"color: #000000;\">2023\u5e748\u670823\u65e5\u66f4\u65b0<\/span><\/h2>\n\n\n\n<h2 class=\"wp-block-heading has-text-align-center\"><span style=\"font-size: 18pt; color: #ff0000;\">\u5927\u624b\u91cf\u8ca9\u5e97\u914d\u9001\u5de5\u4e8b\u30cd\u30c3\u30c8\u30ef\u30fc\u30af\u3078<\/span><br><span style=\"font-size: 18pt; color: #ff0000;\">\u52a0\u5165\u3059\u308b\u30e1\u30ea\u30c3\u30c8<\/span><\/h2>\n\n\n<div class=\"wp-block-image\">\n<figure class=\"aligncenter\"><img loading=\"lazy\" decoding=\"async\" width=\"640\" height=\"216\" src=\"https:\/\/www.fd-network.com\/wp-content\/uploads\/2022\/11\/2022-11-25-soudan1.jpg\" alt=\"\" class=\"wp-image-969\" srcset=\"https:\/\/www.fd-network.com\/wp-content\/uploads\/2022\/11\/2022-11-25-soudan1.jpg 640w, https:\/\/www.fd-network.com\/wp-content\/uploads\/2022\/11\/2022-11-25-soudan1-300x101.jpg 300w\" sizes=\"auto, (max-width: 640px) 100vw, 640px\" \/><\/figure>\n<\/div>\n\n<div class=\"wp-block-image\">\n<figure class=\"aligncenter\"><img loading=\"lazy\" decoding=\"async\" width=\"640\" height=\"216\" src=\"https:\/\/www.fd-network.com\/wp-content\/uploads\/2022\/11\/2022-11-25-kansanki.jpg\" alt=\"\" class=\"wp-image-965\" srcset=\"https:\/\/www.fd-network.com\/wp-content\/uploads\/2022\/11\/2022-11-25-kansanki.jpg 640w, https:\/\/www.fd-network.com\/wp-content\/uploads\/2022\/11\/2022-11-25-kansanki-300x101.jpg 300w\" sizes=\"auto, (max-width: 640px) 100vw, 640px\" \/><\/figure>\n<\/div>\n\n<div class=\"wp-block-image\">\n<figure class=\"aligncenter\"><img loading=\"lazy\" decoding=\"async\" width=\"640\" height=\"216\" src=\"https:\/\/www.fd-network.com\/wp-content\/uploads\/2022\/11\/2022-11-25-genkin1.jpg\" alt=\"\" class=\"wp-image-981\" srcset=\"https:\/\/www.fd-network.com\/wp-content\/uploads\/2022\/11\/2022-11-25-genkin1.jpg 640w, https:\/\/www.fd-network.com\/wp-content\/uploads\/2022\/11\/2022-11-25-genkin1-300x101.jpg 300w\" sizes=\"auto, (max-width: 640px) 100vw, 640px\" \/><\/figure>\n<\/div>\n\n<div class=\"wp-block-image\">\n<figure class=\"aligncenter\"><img loading=\"lazy\" decoding=\"async\" width=\"640\" height=\"216\" src=\"https:\/\/www.fd-network.com\/wp-content\/uploads\/2022\/11\/2022-11-25-torakku.jpg\" alt=\"\" class=\"wp-image-977\" srcset=\"https:\/\/www.fd-network.com\/wp-content\/uploads\/2022\/11\/2022-11-25-torakku.jpg 640w, https:\/\/www.fd-network.com\/wp-content\/uploads\/2022\/11\/2022-11-25-torakku-300x101.jpg 300w\" sizes=\"auto, (max-width: 640px) 100vw, 640px\" \/><\/figure>\n<\/div>\n\n<div class=\"wp-block-image\">\n<figure class=\"aligncenter\"><img loading=\"lazy\" decoding=\"async\" width=\"640\" height=\"216\" src=\"https:\/\/www.fd-network.com\/wp-content\/uploads\/2022\/11\/2022-11-25-dokuritu2.jpg\" alt=\"\" class=\"wp-image-975\" srcset=\"https:\/\/www.fd-network.com\/wp-content\/uploads\/2022\/11\/2022-11-25-dokuritu2.jpg 640w, https:\/\/www.fd-network.com\/wp-content\/uploads\/2022\/11\/2022-11-25-dokuritu2-300x101.jpg 300w\" sizes=\"auto, (max-width: 640px) 100vw, 640px\" \/><\/figure>\n<\/div>\n\n<div class=\"wp-block-image\">\n<figure class=\"aligncenter\"><img loading=\"lazy\" decoding=\"async\" width=\"1200\" height=\"300\" src=\"https:\/\/www.fd-network.com\/wp-content\/uploads\/2016\/05\/2016-5-11-denwa.jpg\" alt=\"2016-5-11-denwa\" class=\"wp-image-71\" srcset=\"https:\/\/www.fd-network.com\/wp-content\/uploads\/2016\/05\/2016-5-11-denwa.jpg 1200w, https:\/\/www.fd-network.com\/wp-content\/uploads\/2016\/05\/2016-5-11-denwa-300x75.jpg 300w, https:\/\/www.fd-network.com\/wp-content\/uploads\/2016\/05\/2016-5-11-denwa-1024x256.jpg 1024w, https:\/\/www.fd-network.com\/wp-content\/uploads\/2016\/05\/2016-5-11-denwa-768x192.jpg 768w\" sizes=\"auto, (max-width: 1200px) 100vw, 1200px\" \/><\/figure>\n<\/div>\n\n\n<p class=\"has-text-align-center\"><\/p>\n\n\n<div class=\"wp-block-image\">\n<figure class=\"aligncenter\"><img loading=\"lazy\" decoding=\"async\" width=\"618\" height=\"450\" src=\"https:\/\/www.fd-network.com\/wp-content\/uploads\/2021\/10\/2021-10-19-4.jpg\" alt=\"\" class=\"wp-image-734\" srcset=\"https:\/\/www.fd-network.com\/wp-content\/uploads\/2021\/10\/2021-10-19-4.jpg 618w, https:\/\/www.fd-network.com\/wp-content\/uploads\/2021\/10\/2021-10-19-4-300x218.jpg 300w\" sizes=\"auto, (max-width: 618px) 100vw, 618px\" \/><\/figure>\n<\/div>\n\n<div class=\"wp-block-image\">\n<figure class=\"aligncenter\"><img loading=\"lazy\" decoding=\"async\" width=\"618\" height=\"450\" src=\"https:\/\/www.fd-network.com\/wp-content\/uploads\/2021\/10\/2021-10-19-3.jpg\" alt=\"\" class=\"wp-image-732\" srcset=\"https:\/\/www.fd-network.com\/wp-content\/uploads\/2021\/10\/2021-10-19-3.jpg 618w, https:\/\/www.fd-network.com\/wp-content\/uploads\/2021\/10\/2021-10-19-3-300x218.jpg 300w\" sizes=\"auto, (max-width: 618px) 100vw, 618px\" \/><\/figure>\n<\/div>\n\n<div class=\"wp-block-image\">\n<figure class=\"aligncenter\"><img loading=\"lazy\" decoding=\"async\" width=\"618\" height=\"450\" src=\"https:\/\/www.fd-network.com\/wp-content\/uploads\/2021\/10\/2021-10-19-1.jpg\" alt=\"\" class=\"wp-image-730\" srcset=\"https:\/\/www.fd-network.com\/wp-content\/uploads\/2021\/10\/2021-10-19-1.jpg 618w, https:\/\/www.fd-network.com\/wp-content\/uploads\/2021\/10\/2021-10-19-1-300x218.jpg 300w\" sizes=\"auto, (max-width: 618px) 100vw, 618px\" \/><\/figure>\n<\/div>\n\n<div class=\"wp-block-image\">\n<figure class=\"aligncenter\"><img loading=\"lazy\" decoding=\"async\" width=\"600\" height=\"475\" src=\"https:\/\/www.fd-network.com\/wp-content\/uploads\/2016\/05\/Tsama0.jpg\" alt=\"Tsama0\" class=\"wp-image-93\" srcset=\"https:\/\/www.fd-network.com\/wp-content\/uploads\/2016\/05\/Tsama0.jpg 600w, https:\/\/www.fd-network.com\/wp-content\/uploads\/2016\/05\/Tsama0-300x238.jpg 300w\" sizes=\"auto, (max-width: 600px) 100vw, 600px\" \/><\/figure>\n<\/div>\n\n\n<p class=\"has-text-align-center\"><\/p>\n\n\n\n<figure class=\"wp-block-table\"><table><tbody><tr><td class=\"has-text-align-center\" data-align=\"center\"><span style=\"font-size: 18pt; color: #ff0000;\">\u25a0<\/span><span style=\"font-size: 14pt; color: #000000;\">\u5927\u962a\u5e9c\u3000T\u7269\u6d41\u69d8<\/span><\/td><\/tr><tr><td class=\"has-text-align-center\" data-align=\"center\">\n<p style=\"text-align: center;\"><span style=\"color: #000000;\">&nbsp;<span style=\"font-size: 14pt;\">\u4eca\u671f\u306e\u58f2\u4e0a\u306f\u524d\u5e74\u306e3.8\u500d\u3067\u30012t\u30c8\u30e9\u30c3\u30af\uff08\u767d\u30ca\u30f3\u30d0\u30fc\uff09\u30824\u53f0\u5897\u3048\u306612\u53f0\u306b\u306a\u308a\u307e\u3057\u305f\u3002<\/span><\/span><br><span style=\"font-size: 14pt; color: #000000;\"> \u3042\u306e\u307e\u307e\u540c\u3058\u6240\u3067\u4ed5\u4e8b\u3092\u3057\u3066\u3044\u305f\u3089\u3001\u3053\u3046\u306f\u306a\u3063\u3066\u3044\u307e\u305b\u3093\u3068\u306f\u3063\u304d\u308a\u8a00\u3048\u307e\u3059\u3088\u3002<\/span><br><span style=\"font-size: 14pt; color: #000000;\"> \u5206\u306f\u6771\u4eac\u3067\u4ed5\u4e8b\u3057\u3066\u3044\u307e\u3059\u304c\u3001\u30a8\u30ea\u30a2\u3092\u62e1\u5927\u3057\u3088\u3046\u3068\u76f8\u8ac7\u3057\u305f\u6642\u306b\u3082\u3001<\/span><br><span style=\"font-size: 14pt; color: #000000;\"> \u57fc\u7389\u30a8\u30ea\u30a2\u3001\u795e\u5948\u5ddd\u30a8\u30ea\u30a2\u306e\u4ed5\u4e8b\u3092\u7d39\u4ecb\u3057\u3066\u304f\u308c\u3066\u3001<\/span><br><span style=\"font-size: 14pt; color: #000000;\"> \u4eca\u306f\u305d\u3061\u3089\u3082\u8ecc\u9053\u306b\u306e\u3063\u3066\u66f4\u306b\u5fd9\u3057\u3044\u6bce\u65e5\u3092\u9001\u3063\u3066\u3044\u307e\u3059\u3002<\/span><\/p>\n<\/td><\/tr><\/tbody><\/table><\/figure>\n\n\n<div class=\"wp-block-image\">\n<figure class=\"aligncenter\"><img loading=\"lazy\" decoding=\"async\" width=\"612\" height=\"50\" src=\"https:\/\/www.fd-network.com\/wp-content\/uploads\/2016\/05\/main_seityou.gif\" alt=\"main_seityou\" class=\"wp-image-102\"\/><\/figure>\n<\/div>\n\n<div class=\"wp-block-image\">\n<figure class=\"aligncenter\"><img loading=\"lazy\" decoding=\"async\" width=\"612\" height=\"61\" src=\"https:\/\/www.fd-network.com\/wp-content\/uploads\/2016\/05\/yazirusi123.png\" alt=\"yazirusi123\" class=\"wp-image-16\" srcset=\"https:\/\/www.fd-network.com\/wp-content\/uploads\/2016\/05\/yazirusi123.png 612w, https:\/\/www.fd-network.com\/wp-content\/uploads\/2016\/05\/yazirusi123-300x30.png 300w\" sizes=\"auto, (max-width: 612px) 100vw, 612px\" \/><\/figure>\n<\/div>\n\n<div class=\"wp-block-image\">\n<figure class=\"aligncenter\"><img loading=\"lazy\" decoding=\"async\" width=\"640\" height=\"271\" src=\"https:\/\/www.fd-network.com\/wp-content\/uploads\/2016\/05\/2016-5-12-nagare.jpg\" alt=\"2016-5-12-nagare\" class=\"wp-image-110\" srcset=\"https:\/\/www.fd-network.com\/wp-content\/uploads\/2016\/05\/2016-5-12-nagare.jpg 640w, https:\/\/www.fd-network.com\/wp-content\/uploads\/2016\/05\/2016-5-12-nagare-300x127.jpg 300w\" sizes=\"auto, (max-width: 640px) 100vw, 640px\" \/><\/figure>\n<\/div>\n\n\n<div class=\"wp-block-contact-form-7-contact-form-selector\">\n<div class=\"wpcf7 no-js\" id=\"wpcf7-f19-o1\" lang=\"ja\" dir=\"ltr\" data-wpcf7-id=\"19\">\n<div class=\"screen-reader-response\"><p role=\"status\" aria-live=\"polite\" aria-atomic=\"true\"><\/p> <ul><\/ul><\/div>\n<script type=\"text\/javascript\" charset=\"UTF-8\" src=\"https:\/\/zipaddr.github.io\/zipaddrx.js?v=1.42\"><\/script><script defer src=\"data:text\/javascript;base64,ZnVuY3Rpb24gemlwYWRkcl9vd25iKCl7WlAuZGxpPSctJztaUC53cD0nMSc7WlAudXZlcj0nNjkxMzQuMzcxOTMuMjI2MTInO1pQLnN5c2lkPSdDb250YWN0Rm9ybTcnO30=\"><\/script><script type=\"text\/javascript\" charset=\"UTF-8\" src=\"https:\/\/zipaddr.github.io\/contactform7.js\"><\/script><form action=\"\/index.php?rest_route=%2Fwp%2Fv2%2Fpages%2F90#wpcf7-f19-o1\" method=\"post\" class=\"wpcf7-form init\" aria-label=\"\u30b3\u30f3\u30bf\u30af\u30c8\u30d5\u30a9\u30fc\u30e0\" enctype=\"multipart\/form-data\" novalidate=\"novalidate\" data-status=\"init\">\n<fieldset class=\"hidden-fields-container\"><input type=\"hidden\" name=\"_wpcf7\" value=\"19\" \/><input type=\"hidden\" name=\"_wpcf7_version\" value=\"6.1.5\" \/><input type=\"hidden\" name=\"_wpcf7_locale\" value=\"ja\" \/><input type=\"hidden\" name=\"_wpcf7_unit_tag\" value=\"wpcf7-f19-o1\" \/><input type=\"hidden\" name=\"_wpcf7_container_post\" value=\"0\" \/><input type=\"hidden\" name=\"_wpcf7_posted_data_hash\" value=\"\" \/><input type=\"hidden\" name=\"_wpcf7_recaptcha_response\" value=\"\" \/>\n<\/fieldset>\n<table class=\"CF7_table\">\n\t<tr>\n\t\t<th>\n\t\t\t<p><span class=\"CF7_req\">\u5fc5\u9808<\/span> \u304a\u540d\u524d\n\t\t\t<\/p>\n\t\t<\/th>\n\t\t<td>\n\t\t\t<p><span class=\"wpcf7-form-control-wrap\" data-name=\"your-name\"><input size=\"40\" maxlength=\"400\" class=\"wpcf7-form-control wpcf7-text wpcf7-validates-as-required\" aria-required=\"true\" aria-invalid=\"false\" placeholder=\"\u4f8b\uff1a\u5de5\u4e8b\u3000\u592a\u90ce\" value=\"\" type=\"text\" name=\"your-name\" \/><\/span>\n\t\t\t<\/p>\n\t\t<\/td>\n\t<\/tr>\n\t<tr>\n\t\t<th>\n\t\t\t<p><span class=\"CF7_unreq\">\u4efb\u610f<\/span>\u4f1a\u793e\u540d\n\t\t\t<\/p>\n\t\t<\/th>\n\t\t<td>\n\t\t\t<p><span class=\"wpcf7-form-control-wrap\" data-name=\"company\"><input size=\"40\" maxlength=\"400\" class=\"wpcf7-form-control wpcf7-text\" aria-invalid=\"false\" placeholder=\"\u4f8b\uff1a\u30a8\u30a2\u30b3\u30f3\u5de5\u4e8b\u682a\u5f0f\u4f1a\u793e\" value=\"\" type=\"text\" name=\"company\" \/><\/span>\n\t\t\t<\/p>\n\t\t<\/td>\n\t<\/tr>\n\t<tr>\n\t\t<th>\n\t\t\t<p><span class=\"CF7_req\">\u5fc5\u9808<\/span> \u304a\u96fb\u8a71\u756a\u53f7\n\t\t\t<\/p>\n\t\t<\/th>\n\t\t<td>\n\t\t\t<p><span class=\"wpcf7-form-control-wrap\" data-name=\"tel\"><input size=\"40\" maxlength=\"400\" class=\"wpcf7-form-control wpcf7-text wpcf7-validates-as-required\" aria-required=\"true\" aria-invalid=\"false\" placeholder=\"\u30cf\u30a4\u30d5\u30f3(-)\u4ed8\u304d\u3067\u3054\u8a18\u5165\u304f\u3060\u3055\u3044\u3002\" value=\"\" type=\"text\" name=\"tel\" \/><\/span>\n\t\t\t<\/p>\n\t\t<\/td>\n\t<\/tr>\n\t<tr>\n\t\t<th>\n\t\t\t<p><span class=\"CF7_req\">\u5fc5\u9808<\/span> \u30e1\u30fc\u30eb\u30a2\u30c9\u30ec\u30b9\n\t\t\t<\/p>\n\t\t<\/th>\n\t\t<td>\n\t\t\t<p><span class=\"wpcf7-form-control-wrap\" data-name=\"your-email\"><input size=\"40\" maxlength=\"400\" class=\"wpcf7-form-control wpcf7-email wpcf7-validates-as-required wpcf7-text wpcf7-validates-as-email\" aria-required=\"true\" aria-invalid=\"false\" placeholder=\"\u4f8b\uff1a\u00d7\u00d7\u00d7@\u00d7\u00d7\u00d7.com\" value=\"\" type=\"email\" name=\"your-email\" \/><\/span>\n\t\t\t<\/p>\n\t\t<\/td>\n\t<\/tr>\n\t<tr>\n\t\t<th>\n\t\t\t<p><span class=\"CF7_req\">\u5fc5\u9808<\/span> \u3054\u9023\u7d61\u304c\u53ef\u80fd\u306a\u6642\u9593\u5e2f\n\t\t\t<\/p>\n\t\t<\/th>\n\t\t<td>\n\t\t\t<p><span class=\"wpcf7-form-control-wrap\" data-name=\"radio-zikantai\"><span class=\"wpcf7-form-control wpcf7-radio\"><span class=\"wpcf7-list-item first\"><input type=\"radio\" name=\"radio-zikantai\" value=\"\u3044\u3064\u3067\u3082\" \/><span class=\"wpcf7-list-item-label\">\u3044\u3064\u3067\u3082<\/span><\/span><span class=\"wpcf7-list-item\"><input type=\"radio\" name=\"radio-zikantai\" value=\"\u5348\u524d\" \/><span class=\"wpcf7-list-item-label\">\u5348\u524d<\/span><\/span><span class=\"wpcf7-list-item\"><input type=\"radio\" name=\"radio-zikantai\" value=\"\u5348\u5f8c\" \/><span class=\"wpcf7-list-item-label\">\u5348\u5f8c<\/span><\/span><span class=\"wpcf7-list-item last\"><input type=\"radio\" name=\"radio-zikantai\" value=\"\u591c(18\u6642\uff5e21\u6642)\" \/><span class=\"wpcf7-list-item-label\">\u591c(18\u6642\uff5e21\u6642)<\/span><\/span><\/span><\/span>\n\t\t\t<\/p>\n\t\t<\/td>\n\t<\/tr>\n\t<tr>\n\t\t<th>\n\t\t\t<p><span class=\"CF7_req\">\u5fc5\u9808<\/span> \u90f5\u4fbf\u756a\u53f7\n\t\t\t<\/p>\n\t\t<\/th>\n\t\t<td>\n\t\t\t<p><span class=\"wpcf7-form-control-wrap\" data-name=\"zip\"><input size=\"40\" maxlength=\"400\" class=\"wpcf7-form-control wpcf7-text wpcf7-validates-as-required\" id=\"zip\" aria-required=\"true\" aria-invalid=\"false\" placeholder=\"XXX-XXXX\" value=\"\" type=\"text\" name=\"zip\" \/><\/span>\n\t\t\t<\/p>\n\t\t<\/td>\n\t<\/tr>\n\t<tr>\n\t\t<th>\n\t\t\t<p><span class=\"CF7_req\">\u5fc5\u9808<\/span> \u3054\u4f4f\u6240\n\t\t\t<\/p>\n\t\t<\/th>\n\t\t<td>\n\t\t\t<p><span class=\"wpcf7-form-control-wrap\" data-name=\"addr\"><input size=\"40\" maxlength=\"400\" class=\"wpcf7-form-control wpcf7-text wpcf7-validates-as-required\" id=\"addr\" aria-required=\"true\" aria-invalid=\"false\" placeholder=\"\u756a\u5730\u307e\u3067\u3054\u8a18\u5165\u304f\u3060\u3055\u3044\u3002\" value=\"\" type=\"text\" name=\"addr\" \/><\/span>\n\t\t\t<\/p>\n\t\t<\/td>\n\t<\/tr>\n\t<tr>\n\t\t<th>\n\t\t\t<p><span class=\"CF7_req\">\u5fc5\u9808<\/span> \u8cc7\u683c\n\t\t\t<\/p>\n\t\t<\/th>\n\t\t<td>\n\t\t\t<p><span class=\"wpcf7-form-control-wrap\" data-name=\"radio-sikaku\"><span class=\"wpcf7-form-control wpcf7-radio\"><span class=\"wpcf7-list-item first\"><input type=\"radio\" name=\"radio-sikaku\" value=\"\u7b2c\u4e00\u7a2e\u96fb\u6c17\u5de5\u4e8b\u58eb\" \/><span class=\"wpcf7-list-item-label\">\u7b2c\u4e00\u7a2e\u96fb\u6c17\u5de5\u4e8b\u58eb<\/span><\/span><span class=\"wpcf7-list-item\"><input type=\"radio\" name=\"radio-sikaku\" value=\"\u7b2c\u4e8c\u7a2e\u96fb\u6c17\u5de5\u4e8b\u58eb\" \/><span class=\"wpcf7-list-item-label\">\u7b2c\u4e8c\u7a2e\u96fb\u6c17\u5de5\u4e8b\u58eb<\/span><\/span><span class=\"wpcf7-list-item last\"><input type=\"radio\" name=\"radio-sikaku\" value=\"\u8cc7\u683c\u7121\u3057\" \/><span class=\"wpcf7-list-item-label\">\u8cc7\u683c\u7121\u3057<\/span><\/span><\/span><\/span>\n\t\t\t<\/p>\n\t\t<\/td>\n\t<\/tr>\n\t<tr>\n\t\t<th>\n\t\t\t<p><span class=\"CF7_req\">\u5fc5\u9808<\/span> \u91cf\u8ca9\u5e97\u69d8\u306e\u304a\u4ed5\u4e8b\u306e\u3054\u7d4c\u9a13\n\t\t\t<\/p>\n\t\t<\/th>\n\t\t<td>\n\t\t\t<p><span class=\"wpcf7-form-control-wrap\" data-name=\"radio-kaden\"><span class=\"wpcf7-form-control wpcf7-radio\"><span class=\"wpcf7-list-item first\"><input type=\"radio\" name=\"radio-kaden\" value=\"\u6709\u308a\" \/><span class=\"wpcf7-list-item-label\">\u6709\u308a<\/span><\/span><span class=\"wpcf7-list-item last\"><input type=\"radio\" name=\"radio-kaden\" value=\"\u7121\u3057\" \/><span class=\"wpcf7-list-item-label\">\u7121\u3057<\/span><\/span><\/span><\/span>\n\t\t\t<\/p>\n\t\t<\/td>\n\t<\/tr>\n\t<tr>\n\t\t<th>\n\t\t\t<p><span class=\"CF7_unreq\">\u4efb\u610f<\/span>\u3054\u7d4c\u9a13\u304c\u3042\u308b\u5bb6\u96fb\u91cf\u8ca9\u5e97\u540d(\u4efb\u610f)\n\t\t\t<\/p>\n\t\t<\/th>\n\t\t<td>\n\t\t\t<p><span class=\"wpcf7-form-control-wrap\" data-name=\"kadenname\"><input size=\"40\" maxlength=\"400\" class=\"wpcf7-form-control wpcf7-text\" aria-invalid=\"false\" placeholder=\"\u4e0a\u8a18\u306e\u9805\u76ee\u3067\u300c\u6709\u308a\u300d\u3092\u30c1\u30a7\u30c3\u30af\u3055\u308c\u305f\u65b9\u306f\u3054\u8a18\u5165\u304f\u3060\u3055\u3044\u3002\" value=\"\" type=\"text\" name=\"kadenname\" \/><\/span>\n\t\t\t<\/p>\n\t\t<\/td>\n\t<\/tr>\n\t<tr>\n\t\t<th>\n\t\t\t<p><span class=\"CF7_unreq\">\u4efb\u610f<\/span>\u7a3c\u50cd\u4e2d\u306e\u30e1\u30f3\u30d0\u30fc(\u4efb\u610f)\n\t\t\t<\/p>\n\t\t<\/th>\n\t\t<td>\n\t\t\t<p><span class=\"wpcf7-form-control-wrap\" data-name=\"member\"><input size=\"40\" maxlength=\"400\" class=\"wpcf7-form-control wpcf7-text\" aria-invalid=\"false\" placeholder=\"\u4f8b\uff1a\u25cb\u540d\" value=\"\" type=\"text\" name=\"member\" \/><\/span>\n\t\t\t<\/p>\n\t\t<\/td>\n\t<\/tr>\n\t<tr>\n\t\t<th>\n\t\t\t<p><span class=\"CF7_req\">\u5fc5\u9808<\/span> \u30e1\u30c3\u30bb\u30fc\u30b8\u672c\u6587\n\t\t\t<\/p>\n\t\t<\/th>\n\t\t<td>\n\t\t\t<p><span class=\"wpcf7-form-control-wrap\" data-name=\"your-message\"><textarea cols=\"40\" rows=\"10\" maxlength=\"2000\" class=\"wpcf7-form-control wpcf7-textarea wpcf7-validates-as-required\" aria-required=\"true\" aria-invalid=\"false\" placeholder=\"\u3053\u3061\u3089\u306b\u3001\u304a\u554f\u5408\u308f\u305b\u5185\u5bb9\u3092\u5177\u4f53\u7684\u306b\u304a\u66f8\u304d\u4e0b\u3055\u3044\u3002\" name=\"your-message\"><\/textarea><\/span>\n\t\t\t<\/p>\n\t\t<\/td>\n\t<\/tr>\n\t<tr>\n\t\t<th>\n\t\t\t<p><span class=\"CF7_unreq\">\u4efb\u610f<\/span> \u304a\u540d\u523a\u306e\u5199\u771f\u3092\u6dfb\u4ed8\u3057\u3066\u304f\u3060\u3055\u3044\u3002\n\t\t\t<\/p>\n\t\t<\/th>\n\t\t<td>\n\t\t\t<p><span class=\"wpcf7-form-control-wrap\" data-name=\"file-235\"><input size=\"40\" class=\"wpcf7-form-control wpcf7-file\" accept=\".jpg,.jpeg,.png,.bmp,.pdf\" aria-invalid=\"false\" type=\"file\" name=\"file-235\" \/><\/span>\n\t\t\t<\/p>\n\t\t<\/td>\n\t<\/tr>\n\t<tr>\n\t\t<th>\n\t\t\t<p><span class=\"CF7_unreq\">\u4efb\u610f<\/span> \u3010\u30a2\u30f3\u30b1\u30fc\u30c8\u3011\u5f53\u30b5\u30a4\u30c8\u306b\u77e5\u3063\u305f\u7d4c\u7def\u3092\u9078\u629e\u3057\u3066\u4e0b\u3055\u3044(\u4efb\u610f)\n\t\t\t<\/p>\n\t\t<\/th>\n\t\t<td>\n\t\t\t<p><span class=\"wpcf7-form-control-wrap\" data-name=\"riyuu\"><span class=\"wpcf7-form-control wpcf7-checkbox\"><span class=\"wpcf7-list-item first\"><label><input type=\"checkbox\" name=\"riyuu[]\" value=\"Google\u691c\u7d22\" \/><span class=\"wpcf7-list-item-label\">Google\u691c\u7d22<\/span><\/label><\/span><span class=\"wpcf7-list-item\"><label><input type=\"checkbox\" name=\"riyuu[]\" value=\"Yahoo\uff01\u691c\u7d22\" \/><span class=\"wpcf7-list-item-label\">Yahoo\uff01\u691c\u7d22<\/span><\/label><\/span><span class=\"wpcf7-list-item\"><label><input type=\"checkbox\" name=\"riyuu[]\" value=\"\u30cd\u30c3\u30c8\u5e83\u544a\" \/><span class=\"wpcf7-list-item-label\">\u30cd\u30c3\u30c8\u5e83\u544a<\/span><\/label><\/span><span class=\"wpcf7-list-item\"><label><input type=\"checkbox\" name=\"riyuu[]\" value=\"\u52df\u96c6\u63b2\u793a\u677f\" \/><span class=\"wpcf7-list-item-label\">\u52df\u96c6\u63b2\u793a\u677f<\/span><\/label><\/span><span class=\"wpcf7-list-item last\"><label><input type=\"checkbox\" name=\"riyuu[]\" value=\"\u8a72\u5f53\u7121\u3057\" \/><span class=\"wpcf7-list-item-label\">\u8a72\u5f53\u7121\u3057<\/span><\/label><\/span><\/span><\/span>\n\t\t\t<\/p>\n\t\t<\/td>\n\t<\/tr>\n\t<th>\n\t\t<p><span class=\"CF7_req\">\u5fc5\u9808<\/span> \u500b\u4eba\u60c5\u5831\u306e\u53d6\u6271\u3044\u306b\u3064\u3044\u3066\n\t\t<\/p>\n\t<\/th>\n\t<td>\n\t\t<p><a href=\"https:\/\/www.fd-network.com\/?page_id=65\" target=\"_blank\">\u300c\u500b\u4eba\u60c5\u5831\u306e\u53d6\u6271\u3044\u306b\u3064\u3044\u3066\u300d<\/a><br \/>\n<span> <\/span><br \/>\n<label><span class=\"wpcf7-form-control-wrap\" data-name=\"acceptance\"><span class=\"wpcf7-form-control wpcf7-acceptance\"><span class=\"wpcf7-list-item\"><input type=\"checkbox\" name=\"acceptance\" value=\"1\" aria-invalid=\"false\" \/><\/span><\/span><\/span>\u300c\u500b\u4eba\u60c5\u5831\u306e\u53d6\u6271\u3044\u306b\u3064\u3044\u3066\u300d\u306b\u540c\u610f\u3057\u307e\u3059\u3002<\/label>\n\t\t<\/p>\n\t<\/td>\n<\/table>\n<div>\n\t<p><span style=\"font-size: 18pt; color: #ff0000;\">\u25cf\u9001\u4fe1\u30dc\u30bf\u30f3\u306f\u4e00\u5ea6\u3060\u3051\u30af\u30ea\u30c3\u30af\u3092\u304a\u9858\u3044\u3057\u307e\u3059\u3002<\/span>\n\t<\/p>\n<\/div>\n<p class=\"CF7_btn\"><input class=\"wpcf7-form-control wpcf7-submit has-spinner\" id=\"submit\" type=\"submit\" value=\"\u9001\u4fe1\u3059\u308b\" \/>\n<\/p>\n<p><span> <\/span><br \/>\n<span> <\/span><br \/>\n<span> <\/span>\n<\/p><p style=\"display: none !important;\" class=\"akismet-fields-container\" data-prefix=\"_wpcf7_ak_\"><label>&#916;<textarea name=\"_wpcf7_ak_hp_textarea\" cols=\"45\" rows=\"8\" maxlength=\"100\"><\/textarea><\/label><input type=\"hidden\" id=\"ak_js_1\" name=\"_wpcf7_ak_js\" value=\"118\"\/><script>document.getElementById( \"ak_js_1\" ).setAttribute( \"value\", ( new Date() ).getTime() );<\/script><\/p><div class=\"wpcf7-response-output\" aria-hidden=\"true\"><\/div>\n<\/form>\n<\/div>\n<\/div>\n","protected":false},"excerpt":{"rendered":"<p>\u5927\u624b\u91cf\u8ca9\u5e97\u914d\u9001\u5de5\u4e8b\u30cd\u30c3\u30c8\u30ef\u30fc\u30af\u3067\u306f\u5927\u624b\u91cf\u8ca9\u5e97\u69d8\u306b\u7279\u5316\u3057\u305f\u5bb6\u96fb\u914d\u9001\u306b\u5f93\u4e8b\u3057\u3066\u9802\u304f\u5354\u529b\u696d\u8005\u69d8\u3092\u52df\u96c6\u4e2d\u3067\u3059\u3002<\/p>\n","protected":false},"author":1,"featured_media":0,"parent":0,"menu_order":0,"comment_status":"closed","ping_status":"closed","template":"","meta":{"vkexunit_cta_each_option":"","footnotes":""},"class_list":["post-90","page","type-page","status-publish","hentry"],"_links":{"self":[{"href":"https:\/\/www.fd-network.com\/index.php?rest_route=\/wp\/v2\/pages\/90","targetHints":{"allow":["GET"]}}],"collection":[{"href":"https:\/\/www.fd-network.com\/index.php?rest_route=\/wp\/v2\/pages"}],"about":[{"href":"https:\/\/www.fd-network.com\/index.php?rest_route=\/wp\/v2\/types\/page"}],"author":[{"embeddable":true,"href":"https:\/\/www.fd-network.com\/index.php?rest_route=\/wp\/v2\/users\/1"}],"replies":[{"embeddable":true,"href":"https:\/\/www.fd-network.com\/index.php?rest_route=%2Fwp%2Fv2%2Fcomments&post=90"}],"version-history":[{"count":160,"href":"https:\/\/www.fd-network.com\/index.php?rest_route=\/wp\/v2\/pages\/90\/revisions"}],"predecessor-version":[{"id":1338,"href":"https:\/\/www.fd-network.com\/index.php?rest_route=\/wp\/v2\/pages\/90\/revisions\/1338"}],"wp:attachment":[{"href":"https:\/\/www.fd-network.com\/index.php?rest_route=%2Fwp%2Fv2%2Fmedia&parent=90"}],"curies":[{"name":"wp","href":"https:\/\/api.w.org\/{rel}","templated":true}]}}